{"id":75,"date":"2020-11-16T01:09:13","date_gmt":"2020-11-16T06:09:13","guid":{"rendered":"http:\/\/192.168.0.102\/aqua\/?page_id=75"},"modified":"2020-11-29T22:41:20","modified_gmt":"2020-11-30T03:41:20","slug":"atencion-al-ciudadano","status":"publish","type":"page","link":"http:\/\/aqua.corpoboyaca.gov.co:2155\/?page_id=75","title":{"rendered":"ATENCION AL CIUDADANO"},"content":{"rendered":"\t\t<div data-elementor-type=\"wp-page\" data-elementor-id=\"75\" class=\"elementor elementor-75\">\n\t\t\t\t\t\t<div class=\"elementor-inner\">\n\t\t\t\t<div class=\"elementor-section-wrap\">\n\t\t\t\t\t\t\t\t\t<section class=\"elementor-section elementor-top-section elementor-element elementor-element-33a8e1d elementor-section-content-middle elementor-section-boxed elementor-section-height-default elementor-section-height-default\" data-id=\"33a8e1d\" data-element_type=\"section\">\n\t\t\t\t\t\t<div class=\"elementor-container elementor-column-gap-no\">\n\t\t\t\t\t\t\t<div class=\"elementor-row\">\n\t\t\t\t\t<div class=\"elementor-column elementor-col-100 elementor-top-column elementor-element elementor-element-6a7938c1\" data-id=\"6a7938c1\" data-element_type=\"column\">\n\t\t\t<div class=\"elementor-column-wrap elementor-element-populated\">\n\t\t\t\t\t\t\t<div class=\"elementor-widget-wrap\">\n\t\t\t\t\t\t<div class=\"elementor-element elementor-element-386c3e0c elementor-widget elementor-widget-heading\" data-id=\"386c3e0c\" data-element_type=\"widget\" data-widget_type=\"heading.default\">\n\t\t\t\t<div class=\"elementor-widget-container\">\n\t\t\t<h4 class=\"elementor-heading-title elementor-size-default\">ATENCION AL CIUDADANO<\/h4>\t\t<\/div>\n\t\t\t\t<\/div>\n\t\t\t\t<div class=\"elementor-element elementor-element-34b71f2 elementor-widget elementor-widget-heading\" data-id=\"34b71f2\" data-element_type=\"widget\" data-widget_type=\"heading.default\">\n\t\t\t\t<div class=\"elementor-widget-container\">\n\t\t\t<h5 class=\"elementor-heading-title elementor-size-default\">Con el fin de agilizar las Peticiones, Quejas, Reclamos, Sugerencias y Denuncias, y brindar un mejor servicio, Corpoboyac\u00e1 desarrollo un sistema de PQRSD. A cada PQRSD se le asigna un n\u00famero \u00fanico que se puede utilizar para rastrear el progreso y respuestas en l\u00ednea. Para su referencia le proporcionamos archivos completos y la historia de todas sus solicitudes de apoyo, s\u00f3lo basta con una direcci\u00f3n de correo electr\u00f3nico v\u00e1lida.<\/h5>\t\t<\/div>\n\t\t\t\t<\/div>\n\t\t\t\t<div class=\"elementor-element elementor-element-161a747 elementor-widget elementor-widget-toggle\" data-id=\"161a747\" data-element_type=\"widget\" data-widget_type=\"toggle.default\">\n\t\t\t\t<div class=\"elementor-widget-container\">\n\t\t\t\t\t<div class=\"elementor-toggle\" role=\"tablist\">\n\t\t\t\t\t\t\t<div class=\"elementor-toggle-item\">\n\t\t\t\t\t<div id=\"elementor-tab-title-2311\" class=\"elementor-tab-title\" data-tab=\"1\" role=\"tab\" aria-controls=\"elementor-tab-content-2311\" aria-expanded=\"false\">\n\t\t\t\t\t\t\t\t\t\t\t\t<span class=\"elementor-toggle-icon elementor-toggle-icon-right\" aria-hidden=\"true\">\n\t\t\t\t\t\t\t\t\t\t\t\t\t\t\t<span class=\"elementor-toggle-icon-closed\"><i class=\"fas fa-caret-right\"><\/i><\/span>\n\t\t\t\t\t\t\t\t<span class=\"elementor-toggle-icon-opened\"><i class=\"elementor-toggle-icon-opened fas fa-caret-up\"><\/i><\/span>\n\t\t\t\t\t\t\t\t\t\t\t\t\t<\/span>\n\t\t\t\t\t\t\t\t\t\t\t\t<a href=\"\" class=\"elementor-toggle-title\">PAGINA WEB DE CORPOBOYACA<\/a>\n\t\t\t\t\t<\/div>\n\n\t\t\t\t\t<div id=\"elementor-tab-content-2311\" class=\"elementor-tab-content elementor-clearfix\" data-tab=\"1\" role=\"tabpanel\" aria-labelledby=\"elementor-tab-title-2311\"><p><a href=\"https:\/\/www.corpoboyaca.gov.co\/servicios-de-informacion\/pqrsd\/\">https:\/\/www.corpoboyaca.gov.co\/servicios-de-informacion\/pqrsd\/<\/a><\/p><\/div>\n\t\t\t\t<\/div>\n\t\t\t\t\t\t\t\t<\/div>\n\t\t\t\t<\/div>\n\t\t\t\t<\/div>\n\t\t\t\t<div class=\"elementor-element elementor-element-7892d656 elementor-widget elementor-widget-toggle\" data-id=\"7892d656\" data-element_type=\"widget\" data-widget_type=\"toggle.default\">\n\t\t\t\t<div class=\"elementor-widget-container\">\n\t\t\t\t\t<div class=\"elementor-toggle\" role=\"tablist\">\n\t\t\t\t\t\t\t<div class=\"elementor-toggle-item\">\n\t\t\t\t\t<div id=\"elementor-tab-title-2021\" class=\"elementor-tab-title\" data-tab=\"1\" role=\"tab\" aria-controls=\"elementor-tab-content-2021\" aria-expanded=\"false\">\n\t\t\t\t\t\t\t\t\t\t\t\t<span class=\"elementor-toggle-icon elementor-toggle-icon-right\" aria-hidden=\"true\">\n\t\t\t\t\t\t\t\t\t\t\t\t\t\t\t<span class=\"elementor-toggle-icon-closed\"><i class=\"fas fa-caret-right\"><\/i><\/span>\n\t\t\t\t\t\t\t\t<span class=\"elementor-toggle-icon-opened\"><i class=\"elementor-toggle-icon-opened fas fa-caret-up\"><\/i><\/span>\n\t\t\t\t\t\t\t\t\t\t\t\t\t<\/span>\n\t\t\t\t\t\t\t\t\t\t\t\t<a href=\"\" class=\"elementor-toggle-title\">RADICAR UNA PQRSD<\/a>\n\t\t\t\t\t<\/div>\n\n\t\t\t\t\t<div id=\"elementor-tab-content-2021\" class=\"elementor-tab-content elementor-clearfix\" data-tab=\"1\" role=\"tabpanel\" aria-labelledby=\"elementor-tab-title-2021\"><p><a href=\"https:\/\/t.almeraim.com\/form?data=eyJhcGlrZXkiOiJwcXJzZCIsImNvbm5lY3Rpb24iOiJzZ2ljb3Jwb2JveWFjYSIsImVuZHBvaW50IjoiaHR0cHMlM0ElMkYlMkZzZ2kuYWxtZXJhaW0uY29tJTJGc2dpJTJGYXBpJTJGdjIlMkYiLCJjb2RlIjoiUFFSU0QifQ%3D%3D\">https:\/\/t.almeraim.com\/form?data=eyJhcGlrZXkiOiJwcXJzZCIsImNvbm5lY3Rpb24iOiJzZ2ljb3Jwb2JveWFjYSIsImVuZHBvaW50IjoiaHR0cHMlM0ElMkYlMkZzZ2kuYWxtZXJhaW0uY29tJTJGc2dpJTJGYXBpJTJGdjIlMkYiLCJjb2RlIjoiUFFSU0QifQ%3D%3D<\/a><\/p><\/div>\n\t\t\t\t<\/div>\n\t\t\t\t\t\t\t\t<\/div>\n\t\t\t\t<\/div>\n\t\t\t\t<\/div>\n\t\t\t\t<div class=\"elementor-element elementor-element-12a3ae5 elementor-widget elementor-widget-toggle\" data-id=\"12a3ae5\" data-element_type=\"widget\" data-widget_type=\"toggle.default\">\n\t\t\t\t<div class=\"elementor-widget-container\">\n\t\t\t\t\t<div class=\"elementor-toggle\" role=\"tablist\">\n\t\t\t\t\t\t\t<div class=\"elementor-toggle-item\">\n\t\t\t\t\t<div id=\"elementor-tab-title-1951\" class=\"elementor-tab-title\" data-tab=\"1\" role=\"tab\" aria-controls=\"elementor-tab-content-1951\" aria-expanded=\"false\">\n\t\t\t\t\t\t\t\t\t\t\t\t<span class=\"elementor-toggle-icon elementor-toggle-icon-right\" aria-hidden=\"true\">\n\t\t\t\t\t\t\t\t\t\t\t\t\t\t\t<span class=\"elementor-toggle-icon-closed\"><i class=\"fas fa-caret-right\"><\/i><\/span>\n\t\t\t\t\t\t\t\t<span class=\"elementor-toggle-icon-opened\"><i class=\"elementor-toggle-icon-opened fas fa-caret-up\"><\/i><\/span>\n\t\t\t\t\t\t\t\t\t\t\t\t\t<\/span>\n\t\t\t\t\t\t\t\t\t\t\t\t<a href=\"\" class=\"elementor-toggle-title\">CONSULTAR UNA PQRSD<\/a>\n\t\t\t\t\t<\/div>\n\n\t\t\t\t\t<div id=\"elementor-tab-content-1951\" class=\"elementor-tab-content elementor-clearfix\" data-tab=\"1\" role=\"tabpanel\" aria-labelledby=\"elementor-tab-title-1951\"><p><a href=\"https:\/\/sgi.almeraim.com\/sgi\/secciones\/tramites\/seguimientoCodVer.php?instance=efcc15a85f6374aec43d5dea5e542f5a\">https:\/\/sgi.almeraim.com\/sgi\/secciones\/tramites\/seguimientoCodVer.php?instance=efcc15a85f6374aec43d5dea5e542f5a<\/a><\/p><\/div>\n\t\t\t\t<\/div>\n\t\t\t\t\t\t\t\t<\/div>\n\t\t\t\t<\/div>\n\t\t\t\t<\/div>\n\t\t\t\t\t\t<\/div>\n\t\t\t\t\t<\/div>\n\t\t<\/div>\n\t\t\t\t\t\t\t\t<\/div>\n\t\t\t\t\t<\/div>\n\t\t<\/section>\n\t\t\t\t\t\t\t\t\t<\/div>\n\t\t\t<\/div>\n\t\t\t\t\t<\/div>\n\t\t","protected":false},"excerpt":{"rendered":"<p>ATENCION AL CIUDADANO Con el fin de agilizar las Peticiones, Quejas, Reclamos, Sugerencias y Denuncias, y brindar un mejor servicio, Corpoboyac\u00e1 desarrollo un sistema de PQRSD. A cada PQRSD se le asigna un n\u00famero \u00fanico que se puede utilizar para rastrear el progreso y respuestas en l\u00ednea. Para su referencia le proporcionamos archivos completos y &hellip;<\/p>\n<p class=\"read-more\"> <a class=\"\" href=\"http:\/\/aqua.corpoboyaca.gov.co:2155\/?page_id=75\"> <span class=\"screen-reader-text\">ATENCION AL CIUDADANO<\/span> Leer m\u00e1s &raquo;<\/a><\/p>\n","protected":false},"author":2,"featured_media":0,"parent":0,"menu_order":7,"comment_status":"closed","ping_status":"closed","template":"","meta":{"site-sidebar-layout":"no-sidebar","site-content-layout":"page-builder","ast-global-header-display":"","ast-main-header-display":"","ast-hfb-above-header-display":"","ast-hfb-below-header-display":"","ast-hfb-mobile-header-display":"","site-post-title":"disabled","ast-breadcrumbs-content":"","ast-featured-img":"disabled","footer-sml-layout":"","theme-transparent-header-meta":"default","adv-header-id-meta":"","stick-header-meta":"","header-above-stick-meta":"","header-main-stick-meta":"","header-below-stick-meta":""},"_links":{"self":[{"href":"http:\/\/aqua.corpoboyaca.gov.co:2155\/index.php?rest_route=\/wp\/v2\/pages\/75"}],"collection":[{"href":"http:\/\/aqua.corpoboyaca.gov.co:2155\/index.php?rest_route=\/wp\/v2\/pages"}],"about":[{"href":"http:\/\/aqua.corpoboyaca.gov.co:2155\/index.php?rest_route=\/wp\/v2\/types\/page"}],"author":[{"embeddable":true,"href":"http:\/\/aqua.corpoboyaca.gov.co:2155\/index.php?rest_route=\/wp\/v2\/users\/2"}],"replies":[{"embeddable":true,"href":"http:\/\/aqua.corpoboyaca.gov.co:2155\/index.php?rest_route=%2Fwp%2Fv2%2Fcomments&post=75"}],"version-history":[{"count":7,"href":"http:\/\/aqua.corpoboyaca.gov.co:2155\/index.php?rest_route=\/wp\/v2\/pages\/75\/revisions"}],"predecessor-version":[{"id":127,"href":"http:\/\/aqua.corpoboyaca.gov.co:2155\/index.php?rest_route=\/wp\/v2\/pages\/75\/revisions\/127"}],"wp:attachment":[{"href":"http:\/\/aqua.corpoboyaca.gov.co:2155\/index.php?rest_route=%2Fwp%2Fv2%2Fmedia&parent=75"}],"curies":[{"name":"wp","href":"https:\/\/api.w.org\/{rel}","templated":true}]}}